{"id":288,"date":"2020-11-24T16:06:01","date_gmt":"2020-11-24T15:06:01","guid":{"rendered":"http:\/\/www.orchestremephisto.com\/site\/?page_id=288"},"modified":"2022-12-28T19:40:40","modified_gmt":"2022-12-28T18:40:40","slug":"mentions-legales","status":"publish","type":"page","link":"https:\/\/www.orchestremephisto.com\/site\/mentions-legales\/","title":{"rendered":"Cr\u00e9dits et Mentions l\u00e9gales"},"content":{"rendered":"\n<p>L\u2019ensemble de ce site rel\u00e8ve des l\u00e9gislations fran\u00e7aise et internationale sur le droit d\u2019auteur et la propri\u00e9t\u00e9 intellectuelle. Tous les droits de reproduction sont r\u00e9serv\u00e9s, y compris pour les documents iconographiques et photographiques.<\/p>\n\n\n\n<h4 class=\"wp-block-heading\">Orchestre Mephisto<\/h4>\n\n\n\n<p>Mandataire Guy ANTONIOLI<br>04210 VALENSOLE<\/p>\n\n\n\n<h4 class=\"wp-block-heading\">Cr\u00e9dits du site<\/h4>\n\n\n\n<p>directrice de la publication\u00a0Karine Antonioli<br>photos Eric V\u00e9ra, Benjamin Gayte-Sorbier<br>webdesign et maintenance <a href=\"https:\/\/cybernetique.info\/\" target=\"_blank\" rel=\"noreferrer noopener\">cybernetique.info<\/a><br>CMS <a href=\"https:\/\/wordpress.org\/\" target=\"_blank\" rel=\"noreferrer noopener\">wordpress<\/a><br>h\u00e9bergement\u00a0<a href=\"http:\/\/ovh.com\/\" target=\"_blank\" rel=\"noreferrer noopener\">OVH<\/a><\/p>\n","protected":false},"excerpt":{"rendered":"<p>L\u2019ensemble de ce site rel\u00e8ve des l\u00e9gislations fran\u00e7aise et internationale sur le droit d\u2019auteur et la propri\u00e9t\u00e9 intellectuelle. Tous les droits de reproduction sont r\u00e9serv\u00e9s, y compris pour les documents iconographiques et photographiques. Orchestre Mephisto Mandataire Guy ANTONIOLI04210 VALENSOLE Cr\u00e9dits du site directrice de la publication\u00a0Karine Antonioliphotos Eric V\u00e9ra, Benjamin Gayte-Sorbierwebdesign et maintenance cybernetique.infoCMS wordpressh\u00e9bergement\u00a0OVH<\/p>\n","protected":false},"author":1,"featured_media":0,"parent":0,"menu_order":0,"comment_status":"closed","ping_status":"closed","template":"","meta":{"_uag_custom_page_level_css":"","site-sidebar-layout":"right-sidebar","site-content-layout":"default","ast-site-content-layout":"","site-content-style":"default","site-sidebar-style":"default","ast-global-header-display":"","ast-banner-title-visibility":"","ast-main-header-display":"","ast-hfb-above-header-display":"","ast-hfb-below-header-display":"","ast-hfb-mobile-header-display":"","site-post-title":"disabled","ast-breadcrumbs-content":"disabled","ast-featured-img":"disabled","footer-sml-layout":"","theme-transparent-header-meta":"default","adv-header-id-meta":"","stick-header-meta":"","header-above-stick-meta":"","header-main-stick-meta":"","header-below-stick-meta":"","astra-migrate-meta-layouts":"default","ast-page-background-enabled":"default","ast-page-background-meta":{"desktop":{"background-color":"","background-image":"","background-repeat":"repeat","background-position":"center center","background-size":"auto","background-attachment":"scroll","background-type":"","background-media":"","overlay-type":"","overlay-color":"","overlay-opacity":"","overlay-gradient":""},"tablet":{"background-color":"","background-image":"","background-repeat":"repeat","background-position":"center center","background-size":"auto","background-attachment":"scroll","background-type":"","background-media":"","overlay-type":"","overlay-color":"","overlay-opacity":"","overlay-gradient":""},"mobile":{"background-color":"","background-image":"","background-repeat":"repeat","background-position":"center center","background-size":"auto","background-attachment":"scroll","background-type":"","background-media":"","overlay-type":"","overlay-color":"","overlay-opacity":"","overlay-gradient":""}},"ast-content-background-meta":{"desktop":{"background-color":"var(--ast-global-color-5)","background-image":"","background-repeat":"repeat","background-position":"center center","background-size":"auto","background-attachment":"scroll","background-type":"","background-media":"","overlay-type":"","overlay-color":"","overlay-opacity":"","overlay-gradient":""},"tablet":{"background-color":"var(--ast-global-color-5)","background-image":"","background-repeat":"repeat","background-position":"center center","background-size":"auto","background-attachment":"scroll","background-type":"","background-media":"","overlay-type":"","overlay-color":"","overlay-opacity":"","overlay-gradient":""},"mobile":{"background-color":"var(--ast-global-color-5)","background-image":"","background-repeat":"repeat","background-position":"center center","background-size":"auto","background-attachment":"scroll","background-type":"","background-media":"","overlay-type":"","overlay-color":"","overlay-opacity":"","overlay-gradient":""}},"footnotes":""},"class_list":["post-288","page","type-page","status-publish","hentry"],"yoast_head":"<!-- This site is optimized with the Yoast SEO plugin v27.4 - https:\/\/yoast.com\/product\/yoast-seo-wordpress\/ -->\n<title>Cr\u00e9dits et Mentions l\u00e9gales - Show Mephisto<\/title>\n<meta name=\"description\" content=\"Le Show MEPHISTO, spectacle de vari\u00e9t\u00e9 dansant, est pr\u00e9sent sur les grands p\u00f4les festifs. 250 costumes, murs d\u2019images, 20 musiciens et danseurs.\" \/>\n<meta name=\"robots\" content=\"index, follow, max-snippet:-1, max-image-preview:large, max-video-preview:-1\" \/>\n<link rel=\"canonical\" href=\"https:\/\/www.orchestremephisto.com\/site\/mentions-legales\/\" \/>\n<meta property=\"og:locale\" content=\"fr_FR\" \/>\n<meta property=\"og:type\" content=\"article\" \/>\n<meta property=\"og:title\" content=\"Cr\u00e9dits et Mentions l\u00e9gales - Show Mephisto\" \/>\n<meta property=\"og:description\" content=\"Le Show MEPHISTO, spectacle de vari\u00e9t\u00e9 dansant, est pr\u00e9sent sur les grands p\u00f4les festifs. 250 costumes, murs d\u2019images, 20 musiciens et danseurs.\" \/>\n<meta property=\"og:url\" content=\"https:\/\/www.orchestremephisto.com\/site\/mentions-legales\/\" \/>\n<meta property=\"og:site_name\" content=\"Show Mephisto\" \/>\n<meta property=\"article:publisher\" content=\"http:\/\/fr-fr.facebook.com\/pages\/Orchestre-MEPHISTO\/207034212648263\" \/>\n<meta property=\"article:modified_time\" content=\"2022-12-28T18:40:40+00:00\" \/>\n<meta property=\"og:image\" content=\"https:\/\/www.orchestremephisto.com\/site\/wp-content\/uploads\/groupe-mephisto-2.jpg\" \/>\n\t<meta property=\"og:image:width\" content=\"957\" \/>\n\t<meta property=\"og:image:height\" content=\"283\" \/>\n\t<meta property=\"og:image:type\" content=\"image\/jpeg\" \/>\n<meta name=\"twitter:card\" content=\"summary_large_image\" \/>\n<script type=\"application\/ld+json\" class=\"yoast-schema-graph\">{\"@context\":\"https:\\\/\\\/schema.org\",\"@graph\":[{\"@type\":\"WebPage\",\"@id\":\"https:\\\/\\\/www.orchestremephisto.com\\\/site\\\/mentions-legales\\\/\",\"url\":\"https:\\\/\\\/www.orchestremephisto.com\\\/site\\\/mentions-legales\\\/\",\"name\":\"Cr\u00e9dits et Mentions l\u00e9gales - Show Mephisto\",\"isPartOf\":{\"@id\":\"https:\\\/\\\/www.orchestremephisto.com\\\/site\\\/#website\"},\"datePublished\":\"2020-11-24T15:06:01+00:00\",\"dateModified\":\"2022-12-28T18:40:40+00:00\",\"description\":\"Le Show MEPHISTO, spectacle de vari\u00e9t\u00e9 dansant, est pr\u00e9sent sur les grands p\u00f4les festifs. 250 costumes, murs d\u2019images, 20 musiciens et danseurs.\",\"breadcrumb\":{\"@id\":\"https:\\\/\\\/www.orchestremephisto.com\\\/site\\\/mentions-legales\\\/#breadcrumb\"},\"inLanguage\":\"fr-FR\",\"potentialAction\":[{\"@type\":\"ReadAction\",\"target\":[\"https:\\\/\\\/www.orchestremephisto.com\\\/site\\\/mentions-legales\\\/\"]}]},{\"@type\":\"BreadcrumbList\",\"@id\":\"https:\\\/\\\/www.orchestremephisto.com\\\/site\\\/mentions-legales\\\/#breadcrumb\",\"itemListElement\":[{\"@type\":\"ListItem\",\"position\":1,\"name\":\"Accueil\",\"item\":\"https:\\\/\\\/www.orchestremephisto.com\\\/site\\\/\"},{\"@type\":\"ListItem\",\"position\":2,\"name\":\"Cr\u00e9dits et Mentions l\u00e9gales\"}]},{\"@type\":\"WebSite\",\"@id\":\"https:\\\/\\\/www.orchestremephisto.com\\\/site\\\/#website\",\"url\":\"https:\\\/\\\/www.orchestremephisto.com\\\/site\\\/\",\"name\":\"Show Mephisto\",\"description\":\"Spectacle de vari\u00e9t\u00e9s dansant\",\"publisher\":{\"@id\":\"https:\\\/\\\/www.orchestremephisto.com\\\/site\\\/#organization\"},\"potentialAction\":[{\"@type\":\"SearchAction\",\"target\":{\"@type\":\"EntryPoint\",\"urlTemplate\":\"https:\\\/\\\/www.orchestremephisto.com\\\/site\\\/?s={search_term_string}\"},\"query-input\":{\"@type\":\"PropertyValueSpecification\",\"valueRequired\":true,\"valueName\":\"search_term_string\"}}],\"inLanguage\":\"fr-FR\"},{\"@type\":\"Organization\",\"@id\":\"https:\\\/\\\/www.orchestremephisto.com\\\/site\\\/#organization\",\"name\":\"Show Mephisto\",\"url\":\"https:\\\/\\\/www.orchestremephisto.com\\\/site\\\/\",\"logo\":{\"@type\":\"ImageObject\",\"inLanguage\":\"fr-FR\",\"@id\":\"https:\\\/\\\/www.orchestremephisto.com\\\/site\\\/#\\\/schema\\\/logo\\\/image\\\/\",\"url\":\"https:\\\/\\\/www.orchestremephisto.com\\\/site\\\/wp-content\\\/uploads\\\/cropped-logo-orchestre-mephisto.png\",\"contentUrl\":\"https:\\\/\\\/www.orchestremephisto.com\\\/site\\\/wp-content\\\/uploads\\\/cropped-logo-orchestre-mephisto.png\",\"width\":340,\"height\":114,\"caption\":\"Show Mephisto\"},\"image\":{\"@id\":\"https:\\\/\\\/www.orchestremephisto.com\\\/site\\\/#\\\/schema\\\/logo\\\/image\\\/\"},\"sameAs\":[\"http:\\\/\\\/fr-fr.facebook.com\\\/pages\\\/Orchestre-MEPHISTO\\\/207034212648263\",\"http:\\\/\\\/instagram.com\\\/orchestremephisto\",\"https:\\\/\\\/www.youtube.com\\\/channel\\\/UCWGbCNIGTPDrqI0iB-1Y01g\"]}]}<\/script>\n<!-- \/ Yoast SEO plugin. -->","yoast_head_json":{"title":"Cr\u00e9dits et Mentions l\u00e9gales - Show Mephisto","description":"Le Show MEPHISTO, spectacle de vari\u00e9t\u00e9 dansant, est pr\u00e9sent sur les grands p\u00f4les festifs. 250 costumes, murs d\u2019images, 20 musiciens et danseurs.","robots":{"index":"index","follow":"follow","max-snippet":"max-snippet:-1","max-image-preview":"max-image-preview:large","max-video-preview":"max-video-preview:-1"},"canonical":"https:\/\/www.orchestremephisto.com\/site\/mentions-legales\/","og_locale":"fr_FR","og_type":"article","og_title":"Cr\u00e9dits et Mentions l\u00e9gales - Show Mephisto","og_description":"Le Show MEPHISTO, spectacle de vari\u00e9t\u00e9 dansant, est pr\u00e9sent sur les grands p\u00f4les festifs. 250 costumes, murs d\u2019images, 20 musiciens et danseurs.","og_url":"https:\/\/www.orchestremephisto.com\/site\/mentions-legales\/","og_site_name":"Show Mephisto","article_publisher":"http:\/\/fr-fr.facebook.com\/pages\/Orchestre-MEPHISTO\/207034212648263","article_modified_time":"2022-12-28T18:40:40+00:00","og_image":[{"width":957,"height":283,"url":"https:\/\/www.orchestremephisto.com\/site\/wp-content\/uploads\/groupe-mephisto-2.jpg","type":"image\/jpeg"}],"twitter_card":"summary_large_image","schema":{"@context":"https:\/\/schema.org","@graph":[{"@type":"WebPage","@id":"https:\/\/www.orchestremephisto.com\/site\/mentions-legales\/","url":"https:\/\/www.orchestremephisto.com\/site\/mentions-legales\/","name":"Cr\u00e9dits et Mentions l\u00e9gales - Show Mephisto","isPartOf":{"@id":"https:\/\/www.orchestremephisto.com\/site\/#website"},"datePublished":"2020-11-24T15:06:01+00:00","dateModified":"2022-12-28T18:40:40+00:00","description":"Le Show MEPHISTO, spectacle de vari\u00e9t\u00e9 dansant, est pr\u00e9sent sur les grands p\u00f4les festifs. 250 costumes, murs d\u2019images, 20 musiciens et danseurs.","breadcrumb":{"@id":"https:\/\/www.orchestremephisto.com\/site\/mentions-legales\/#breadcrumb"},"inLanguage":"fr-FR","potentialAction":[{"@type":"ReadAction","target":["https:\/\/www.orchestremephisto.com\/site\/mentions-legales\/"]}]},{"@type":"BreadcrumbList","@id":"https:\/\/www.orchestremephisto.com\/site\/mentions-legales\/#breadcrumb","itemListElement":[{"@type":"ListItem","position":1,"name":"Accueil","item":"https:\/\/www.orchestremephisto.com\/site\/"},{"@type":"ListItem","position":2,"name":"Cr\u00e9dits et Mentions l\u00e9gales"}]},{"@type":"WebSite","@id":"https:\/\/www.orchestremephisto.com\/site\/#website","url":"https:\/\/www.orchestremephisto.com\/site\/","name":"Show Mephisto","description":"Spectacle de vari\u00e9t\u00e9s dansant","publisher":{"@id":"https:\/\/www.orchestremephisto.com\/site\/#organization"},"potentialAction":[{"@type":"SearchAction","target":{"@type":"EntryPoint","urlTemplate":"https:\/\/www.orchestremephisto.com\/site\/?s={search_term_string}"},"query-input":{"@type":"PropertyValueSpecification","valueRequired":true,"valueName":"search_term_string"}}],"inLanguage":"fr-FR"},{"@type":"Organization","@id":"https:\/\/www.orchestremephisto.com\/site\/#organization","name":"Show Mephisto","url":"https:\/\/www.orchestremephisto.com\/site\/","logo":{"@type":"ImageObject","inLanguage":"fr-FR","@id":"https:\/\/www.orchestremephisto.com\/site\/#\/schema\/logo\/image\/","url":"https:\/\/www.orchestremephisto.com\/site\/wp-content\/uploads\/cropped-logo-orchestre-mephisto.png","contentUrl":"https:\/\/www.orchestremephisto.com\/site\/wp-content\/uploads\/cropped-logo-orchestre-mephisto.png","width":340,"height":114,"caption":"Show Mephisto"},"image":{"@id":"https:\/\/www.orchestremephisto.com\/site\/#\/schema\/logo\/image\/"},"sameAs":["http:\/\/fr-fr.facebook.com\/pages\/Orchestre-MEPHISTO\/207034212648263","http:\/\/instagram.com\/orchestremephisto","https:\/\/www.youtube.com\/channel\/UCWGbCNIGTPDrqI0iB-1Y01g"]}]}},"uagb_featured_image_src":{"full":false,"thumbnail":false,"medium":false,"medium_large":false,"large":false,"1536x1536":false,"2048x2048":false},"uagb_author_info":{"display_name":"cyber","author_link":"https:\/\/www.orchestremephisto.com\/site\/author\/cyber\/"},"uagb_comment_info":0,"uagb_excerpt":"L\u2019ensemble de ce site rel\u00e8ve des l\u00e9gislations fran\u00e7aise et internationale sur le droit d\u2019auteur et la propri\u00e9t\u00e9 intellectuelle. Tous les droits de reproduction sont r\u00e9serv\u00e9s, y compris pour les documents iconographiques et photographiques. Orchestre Mephisto Mandataire Guy ANTONIOLI04210 VALENSOLE Cr\u00e9dits du site directrice de la publication\u00a0Karine Antonioliphotos Eric V\u00e9ra, Benjamin Gayte-Sorbierwebdesign et maintenance cybernetique.infoCMS wordpressh\u00e9bergement\u00a0OVH","_links":{"self":[{"href":"https:\/\/www.orchestremephisto.com\/site\/wp-json\/wp\/v2\/pages\/288","targetHints":{"allow":["GET"]}}],"collection":[{"href":"https:\/\/www.orchestremephisto.com\/site\/wp-json\/wp\/v2\/pages"}],"about":[{"href":"https:\/\/www.orchestremephisto.com\/site\/wp-json\/wp\/v2\/types\/page"}],"author":[{"embeddable":true,"href":"https:\/\/www.orchestremephisto.com\/site\/wp-json\/wp\/v2\/users\/1"}],"replies":[{"embeddable":true,"href":"https:\/\/www.orchestremephisto.com\/site\/wp-json\/wp\/v2\/comments?post=288"}],"version-history":[{"count":12,"href":"https:\/\/www.orchestremephisto.com\/site\/wp-json\/wp\/v2\/pages\/288\/revisions"}],"predecessor-version":[{"id":1186,"href":"https:\/\/www.orchestremephisto.com\/site\/wp-json\/wp\/v2\/pages\/288\/revisions\/1186"}],"wp:attachment":[{"href":"https:\/\/www.orchestremephisto.com\/site\/wp-json\/wp\/v2\/media?parent=288"}],"curies":[{"name":"wp","href":"https:\/\/api.w.org\/{rel}","templated":true}]}}